{"id":323,"date":"2013-07-19T12:31:48","date_gmt":"2013-07-19T11:31:48","guid":{"rendered":"http:\/\/www.Toskian.com\/?page_id=323"},"modified":"2018-07-06T09:26:51","modified_gmt":"2018-07-06T08:26:51","slug":"about","status":"publish","type":"page","link":"https:\/\/www.toskian.com\/?page_id=323","title":{"rendered":"About"},"content":{"rendered":"<h1 align=\"center\"><a href=\"http:\/\/www.Toskian.com\/wp-content\/uploads\/2011\/01\/TEAM_portrait_thibaut_oskian_toskian.jpg\"><img loading=\"lazy\" class=\"wp-image-33 alignleft\" title=\"TEAM_portrait_thibaut_oskian_toskian\" src=\"http:\/\/www.Toskian.com\/wp-content\/uploads\/2011\/01\/TEAM_portrait_thibaut_oskian_toskian.jpg\" alt=\"\" width=\"234\" height=\"215\" \/><\/a><\/h1>\n<p>&nbsp;<\/p>\n<p>R\u00e9alisateur de films viraux (<a href=\"http:\/\/www.toskian.com\/?p=464\" target=\"_blank\" rel=\"noopener noreferrer\">Game of Thrones \u00e0 la Fran\u00e7aise<\/a> et <a href=\"http:\/\/www.toskian.com\/?p=522\" target=\"_blank\" rel=\"noopener noreferrer\">Tinder: Chauffe-le!!!<\/a>, respectivement 1 et\u00a020 millions de vues organiques), publicit\u00e9s TV et Internet ainsi que de nombreux courts-m\u00e9trages. Actuellement en d\u00e9veloppement d&rsquo;un premier long-m\u00e9trage.<\/p>\n<p>Directed many viral videos\u00a0(<a href=\"http:\/\/www.toskian.com\/?p=464\" target=\"_blank\" rel=\"noopener noreferrer\">Game of Thrones \u00e0 la Fran\u00e7aise<\/a>\u00a0and\u00a0<a href=\"http:\/\/www.toskian.com\/?p=522\" target=\"_blank\" rel=\"noopener noreferrer\">Tinder: Chauffe-le!!!<\/a>, respectively 1 and\u00a020 millions of views), TV and Internet commercials as well as many short movies. Currently developing a first feature film.<\/p>\n<p>&nbsp;<\/p>\n<p>&nbsp;<\/p>\n<div class=\"arve-wrapper\" data-mode=\"normal\" data-provider=\"vimeo\" id=\"arve-198682398\" style=\"max-width:900px;\" itemscope itemtype=\"http:\/\/schema.org\/VideoObject\"><div class=\"arve-embed-container\" style=\"padding-bottom:56.250000%\"><iframe allow=\"accelerometer; autoplay; encrypted-media; gyroscope; picture-in-picture\" allowfullscreen class=\"arve-iframe fitvidsignore\" frameborder=\"0\" name sandbox=\"allow-scripts allow-same-origin allow-presentation allow-popups allow-popups-to-escape-sandbox allow-forms\" scrolling=\"no\" src=\"https:\/\/player.vimeo.com\/video\/198682398?html5=1&#038;title=1&#038;byline=0&#038;portrait=0&#038;autoplay=0\" width=\"480\" height=\"270\"><\/iframe><\/div><\/div>\n<p>&nbsp;<\/p>\n<h3><span style=\"font-weight: 400;\">TV<\/span><\/h3>\n<p>&nbsp;<\/p>\n<p><b>Crossfit (en d\u00e9veloppement) <\/b><span style=\"font-weight: 400;\">|<\/span> <span style=\"font-weight: 400;\">Co-r\u00e9alisateur, s\u00e9rie documentaire, 6 x 52 minutes<\/span><\/p>\n<p><b>J+1 Apr\u00e8s la Fin du Monde (en d\u00e9veloppement) <\/b><span style=\"font-weight: 400;\">| R\u00e9alisateur, s\u00e9rie TV produite par Adr\u00e9naline, 10 x 26 minutes<\/span><\/p>\n<p><b>Spot TV \u00a0Hexaspray (2018) <\/b><span style=\"font-weight: 400;\">| R\u00e9alisateur, spot TV pour Hexaspray, 20 secondes<\/span><\/p>\n<p><b>Clip \u00ab\u00a0Romane Serda : Pour Te Plaire\u00a0\u00bb (2018) <\/b><span style=\"font-weight: 400;\">| R\u00e9alisateur, clip pour Romane Serda, 3 minutes<\/span><\/p>\n<p><b>Spot TV \u00a0Semaine du Glaucome (2015) <\/b><span style=\"font-weight: 400;\">| R\u00e9alisateur, spot TV pour l\u2019UNADEV, 20 secondes<\/span><\/p>\n<p><b>Spot TV Clareva (2014) <\/b><span style=\"font-weight: 400;\">| R\u00e9alisateur, spot TV pour HRA Pharma, 20 secondes<\/span><\/p>\n<p><b>Spot TV Boaki (2011) <\/b><span style=\"font-weight: 400;\">| R\u00e9alisateur, spot TV, 15 secondes<\/span><\/p>\n<p>&nbsp;<\/p>\n<h3><span style=\"font-weight: 400;\">Web &amp; Institutionnel<\/span><\/h3>\n<p>&nbsp;<\/p>\n<p><b>Marseille 2018 (2018) <\/b><span style=\"font-weight: 400;\">| R\u00e9alisateur, film officiel de l&rsquo;ann\u00e9e de la ville de Marseille, 3 minutes<\/span><\/p>\n<p><b>Attentifs Ensemble (2018) <\/b><span style=\"font-weight: 400;\">| R\u00e9alisateur, courts-m\u00e9trages pour la Ligue des Droits de l&rsquo;Homme, 3 x 2 minutes<\/span><\/p>\n<p><b>La Vache Qui Rit Dans Le Monde\u00a0(2017) <\/b><span style=\"font-weight: 400;\">| <span style=\"font-weight: 400;\">R\u00e9alisateur, installation vid\u00e9o panoramique pour le Groupe Bel, 7 minutes<\/span><\/span><\/p>\n<p><b>Clip Zombie Apocalypse (2016) <\/b><span style=\"font-weight: 400;\">| R\u00e9alisateur, clip pour Julie Paulette &amp; MB14, 4 minutes<\/span><\/p>\n<p><b>L\u2019Innovation \u00e0 360\u00b0 (2016) <\/b><span style=\"font-weight: 400;\">| R\u00e9alisateur, film de marque pour Horus Pharma Laboratoires, 4 minutes<\/span><\/p>\n<p><b>Campagne S\u00e9curit\u00e9 Vinci \u00c9nergies (2015) <\/b><span style=\"font-weight: 400;\">| R\u00e9alisateur, com\u00e9die d\u2019action produite par Gibcom Multim\u00e9dia, 6 minutes<\/span><\/p>\n<p><b>Spot Claricup (2015) \u00a0<\/b><span style=\"font-weight: 400;\">|<\/span> <span style=\"font-weight: 400;\">R\u00e9alisateur, vid\u00e9o virale produite par Left Productions, 2 minutes, <\/span><b>5,6 millions de vues<\/b><\/p>\n<p><b>Spot Hamac (2015) \u00a0<\/b><span style=\"font-weight: 400;\">|<\/span> <span style=\"font-weight: 400;\">R\u00e9alisateur, vid\u00e9o virale produite par Left Productions, 2 minutes, <\/span><b>2,8 millions de vues<\/b><\/p>\n<p><b>Tinder : Chauffe-le ! (2014) <\/b><span style=\"font-weight: 400;\">|<\/span> <span style=\"font-weight: 400;\">R\u00e9alisateur, vid\u00e9o virale produite par Be Aware, 4 minutes, <\/span><b>20 millions de vues<\/b><\/p>\n<p><b>Game of Thrones \u00e0 la Fran\u00e7aise (2014) <\/b><span style=\"font-weight: 400;\">|<\/span> <span style=\"font-weight: 400;\">R\u00e9alisateur, vid\u00e9o virale produite par Be Aware, <\/span><b>1 million de vues<\/b><\/p>\n<p><b>Rapaces (2010) <\/b><span style=\"font-weight: 400;\">| R\u00e9alisateur, webs\u00e9rie, 4 x 10 minutes, s\u00e9lectionn\u00e9e au <\/span><b>Almeria Western Film Festival<\/b><\/p>\n<p><b>Divers (2010-2018) <\/b><span style=\"font-weight: 400;\">| R\u00e9alisation de nombreuses publicit\u00e9s Internet<\/span><\/p>\n<p>&nbsp;<\/p>\n<h3><span style=\"font-weight: 400;\">Courts &amp; Longs-M\u00e9trages<\/span><\/h3>\n<p>&nbsp;<\/p>\n<p><b>Millennials (en d\u00e9veloppement) <\/b><span style=\"font-weight: 400;\">|<\/span> <span style=\"font-weight: 400;\">R\u00e9alisateur, long-m\u00e9trage<\/span><\/p>\n<p><b>Paul Great Again (en cours de production) <\/b><span style=\"font-weight: 400;\">|<\/span> <span style=\"font-weight: 400;\">R\u00e9alisateur, court-m\u00e9trage, 20 minutes<\/span><\/p>\n<p><b>Brackets (2014) <\/b><span style=\"font-weight: 400;\">|<\/span> <span style=\"font-weight: 400;\">R\u00e9alisateur, court m\u00e9trage, 3 minutes, s\u00e9lectionn\u00e9 aux <\/span><b>Circuits du Court<\/b><\/p>\n<p><b>Comme Des Soleils Crach\u00e9s (2013) <\/b><span style=\"font-weight: 400;\">| R\u00e9alisateur, court-m\u00e9trage, 12 minutes, s\u00e9lectionn\u00e9 \u00e0 <\/span><b>Honfleur Tout Court<\/b><\/p>\n<p><b>L\u2019\u00c2ge Idiot (2012) <\/b><span style=\"font-weight: 400;\">| R\u00e9alisateur, courts-m\u00e9trages, 3 x 2 minutes, <\/span><b>4 s\u00e9lections en festivals<\/b><\/p>\n<p>&nbsp;<\/p>\n<h3><span style=\"font-weight: 400;\">Jeu Vid\u00e9o &amp; Interactif<\/span><\/h3>\n<p>&nbsp;<\/p>\n<p><b>P.O.V (en d\u00e9veloppement) <\/b><span style=\"font-weight: 400;\">| R\u00e9alisateur, film interactif<\/span><\/p>\n<p><b>Wiloki (2014-2015) <\/b>| R\u00e9alisateur, cours en ligne, 350 x 2 minutes<\/p>\n<p><b>Pikiland (2012)<\/b><span style=\"font-weight: 400;\"> | R\u00e9alisateur multim\u00e9dia, jeu en ligne<\/span><\/p>\n<p><b>Boaki en Ligne\u00a0(2011)<\/b><span style=\"font-weight: 400;\"> | Sc\u00e9nariste\u00a0multim\u00e9dia, jeu en ligne<\/span><\/p>\n<p>&nbsp;<\/p>\n<p>&nbsp;<\/p>\n","protected":false},"excerpt":{"rendered":"<p>&nbsp; R\u00e9alisateur de films viraux (Game of Thrones \u00e0 la Fran\u00e7aise et Tinder: Chauffe-le!!!, respectivement 1 et\u00a020 millions de vues organiques), publicit\u00e9s TV et Internet ainsi que de nombreux courts-m\u00e9trages. Actuellement en d\u00e9veloppement d&rsquo;un premier long-m\u00e9trage. Directed many viral videos\u00a0(Game of Thrones \u00e0 la Fran\u00e7aise\u00a0and\u00a0Tinder: Chauffe-le!!!, respectively 1 and\u00a020 millions of views), TV and Internet [&hellip;]<\/p>\n","protected":false},"author":1,"featured_media":731,"parent":0,"menu_order":0,"comment_status":"open","ping_status":"open","template":"page-template-portfolio.php","meta":[],"_links":{"self":[{"href":"https:\/\/www.toskian.com\/index.php?rest_route=\/wp\/v2\/pages\/323"}],"collection":[{"href":"https:\/\/www.toskian.com\/index.php?rest_route=\/wp\/v2\/pages"}],"about":[{"href":"https:\/\/www.toskian.com\/index.php?rest_route=\/wp\/v2\/types\/page"}],"author":[{"embeddable":true,"href":"https:\/\/www.toskian.com\/index.php?rest_route=\/wp\/v2\/users\/1"}],"replies":[{"embeddable":true,"href":"https:\/\/www.toskian.com\/index.php?rest_route=%2Fwp%2Fv2%2Fcomments&post=323"}],"version-history":[{"count":29,"href":"https:\/\/www.toskian.com\/index.php?rest_route=\/wp\/v2\/pages\/323\/revisions"}],"predecessor-version":[{"id":623,"href":"https:\/\/www.toskian.com\/index.php?rest_route=\/wp\/v2\/pages\/323\/revisions\/623"}],"wp:featuredmedia":[{"embeddable":true,"href":"https:\/\/www.toskian.com\/index.php?rest_route=\/wp\/v2\/media\/731"}],"wp:attachment":[{"href":"https:\/\/www.toskian.com\/index.php?rest_route=%2Fwp%2Fv2%2Fmedia&parent=323"}],"curies":[{"name":"wp","href":"https:\/\/api.w.org\/{rel}","templated":true}]}}